{"id":1833,"date":"2017-01-16T18:31:50","date_gmt":"2017-01-16T17:31:50","guid":{"rendered":"http:\/\/www.graph-art-line.at\/content\/?page_id=1833"},"modified":"2026-01-14T10:44:20","modified_gmt":"2026-01-14T09:44:20","slug":"preise-faq-foto","status":"publish","type":"page","link":"https:\/\/www.graph-art-line.at\/content\/preise-faq-foto\/","title":{"rendered":"preise &#038; FAQs fotografie"},"content":{"rendered":"<p>Stand Januar 2026<\/p>\n<h2>Babyboom<\/h2>\n<h3>Babybauch<\/h3>\n<p>\u20ac 260,-<\/p>\n<p>1 Stunde &#8218;on location&#8216; oder im Studio\/\/\/<br \/>\nmit Kleidungswechsel\/\/\/<br \/>\nca. 20 Vorauswahlbilder\/\/\/<br \/>\n5 fertige Bilder in High und Low Res\/\/\/<br \/>\njedes weitere fertige Bild \u20ac 26,-\/\/\/<br \/>\nbei Studiobuchung zus\u00e4tzlich \u20ac 80,-<\/p>\n<p><a href=\"mailto:office@graph-art-line.at\" target=\"_self\"class=\"village-button normal\" >Book A Session<\/a><\/p>\n<h3>Newborn<\/h3>\n<p>\u20ac 377,-<\/p>\n<p>3 Stunden &#8218;on location&#8216; oder im Heimstudio\/\/\/<br \/>\nca. 20 Vorauswahlbilder\/\/\/<br \/>\n5 fertige Bilder in High und Low Res\/\/\/<br \/>\njedes weitere fertige Bild \u20ac 26,-\/\/\/<br \/>\nmit Babybauchkombi minus \u20ac 28.-\/\/\/<\/p>\n<p><a href=\"mailto:office@graph-art-line.at\" target=\"_self\"class=\"village-button normal\" >Book A Session<\/a><\/p>\n<h3>Familien Mini Session<\/h3>\n<p>\u20ac 188,-<\/p>\n<p>30 Minuten Fotoshooting bei Euch Daheim oder im Freien\/\/\/<br \/>\nca. 20 Vorauswahlbilder\/\/\/<br \/>\n5 fertige Bilder in High und Low Res\/\/\/<br \/>\njedes weitere fertige Bild \u20ac 26,- \/\/\/<br \/>\nUpgrade auf eine Stunde m\u00f6glich\/\/\/<\/p>\n<p>F\u00fcr die Minisessions Outdoor steht f\u00fcr die Kinder auch diverse Kleidung zur Verf\u00fcgung.<\/p>\n<p><a href=\"mailto:office@graph-art-line.at\" target=\"_self\"class=\"village-button normal\" >Book A Session<\/a><\/p>\n<h3>Familien Session<\/h3>\n<p>\u20ac 314,-<\/p>\n<p>1 Stunde Fotoshooting bei Euch Daheim oder im Freien\u00a0\/\/\/<br \/>\nca. 30 Vorauswahlbilder\/\/\/<br \/>\n10 fertige Bilder in High und Low Res \/\/\/<br \/>\njedes weitere fertige Bild \u20ac 26,-\/\/\/<br \/>\njede weitere halbe Stunde \u20ac 62,-\/\/\/<\/p>\n<p><a href=\"mailto:office@graph-art-line.at\" target=\"_self\"class=\"village-button normal\" >Book A Session<\/a><\/p>\n<p>&nbsp;<\/p>\n<hr \/>\n<h3>frequently asked questions<\/h3>\n<p>Wenn Sie irgendwelche Fragen bez\u00fcglich Ihres bevorstehenden Fototermines haben, werde ich gerne alle Ihre Fragen pers\u00f6nlich beantworten, aber bevor Sie mich kontaktieren, sehen Sie sich bitte die h\u00e4ufigsten gestellten Fragen an, vielleicht finden Sie ja hier die Antwort. Wenn nicht, f\u00fchlen Sie sich frei, mir zu schreiben oder mich anzurufen.<\/p>\n<div class=\"modern-columns two\">\n<h5>Wann &amp; Wo findet das Babybauch Fotoshooting statt?<\/h5>\n<p>F\u00fcr Babybauchaufnahmen empfiehlt sich der 7. Schwangerschaftsmonat. Je nachdem zu welcher Jahreszeit Sie schwanger sind, ergeben sich mehrere M\u00f6glichkeiten. In der warmen Jahreszeit ist es wirklich empfehlenswert raus in die Natur zu gehen. Und keine Sorge, ich kenne einige Pl\u00e4tze, an denen wir da keine Zuschauer haben. In der k\u00fchleren Jahreszeit komme ich am besten direkt zu Ihnen nach Hause, wo ich mein Studio aufbauen kann, daf\u00fcr brauche ich weniger Platz als Sie denken.<\/p>\n<h5>Was soll ich anziehen?<\/h5>\n<p>Bequeme Kleidung ist in der Schwangerschaft ganz wichtig. Es gibt sicher ein paar Lieblingsteile, in denen Sie sich besonders wohl f\u00fchlen. Wichtig w\u00e4re auf jeden Fall, dass Sie ca. 2 Stunden vor dem Fototermin keine Kleidung mehr tragen, die Druckstellen auf der Haut hinterlassen. Vor allem dann, wenn Sie auch \u00fcberlegen h\u00fcllenlose Bilder zu machen. Sie k\u00f6nnen sich am Tag des Fototermines morgens auch schon eine extra Babybauchmassage mit \u00d6l oder Creme g\u00f6nnen.<\/p>\n<\/div>\n<div class=\"modern-columns two\">\n<h5>Wann Newborn Fotoshooting statt?<\/h5>\n<p>Die besten Tage f\u00fcr ein perfektes Fotoshootings Ihres kleinen Lieblings ist die Zeit zwischen dem 7. und 10. Lebenstag. Am besten kontaktieren Sie mich schon w\u00e4hrend der Schwangerschaft und lassen mich den errechneten Geburtstermin wissen. Dann kann ich mich schon ungef\u00e4hr darauf vorbereiten. Im Vorfeld k\u00f6nnen Sie mich schon Ihre W\u00fcnsche f\u00fcr das perfekte Bild wissen lassen. Wenn das Kleine dann da ist, schicken Sie mir am besten eine kurze sms oder eine Whatsappnachricht. Und lassen Sie mich bitte auch die Ma\u00dfe des kleinen Erdenb\u00fcrgers wissen. Ich werde dann bis zum Fototermin in der Woche nach der Geburt ein H\u00e4ubchen oder sonstige Babyaccessoires vorbereiten.<\/p>\n<h5>Wo Newborn Fotoshooting statt?<\/h5>\n<p>Ich komme mit meinem mobilen Studio direkt zu Ihnen nach Hause. Sie m\u00fcssen also nicht Kind &amp; Kegel einpacken um in ein Studio zu fahren, denn bequemer ist es doch f\u00fcr Sie und Ihren Nachwuchs daheim in den gewohnten 4 W\u00e4nden. In der warmen Jahreszeit sind nat\u00fcrlich auch Fotoshootings im Freien m\u00f6glich, vielleicht haben Sie ja einen eigenen Garten, wenn nicht, dann finden wir sicher in Ihrer N\u00e4he ein h\u00fcbsches Pl\u00e4tzchen.<\/p>\n<\/div>\n<div class=\"modern-columns two\">\n<h5>Was sollen wir anziehen?<\/h5>\n<p>Wenn Sie m\u00f6chten besteht nat\u00fcrlich auch die M\u00f6glichkeit Bilder der Familie mit dem Zuwachs zu machen. Optimal stimmen Sie am besten die Kleidung Ihres Partner mit Ihrer ab. Viele Paare machen auch gerne h\u00fcllenlose Bilder zu dritt, keine Sorge, ich achte bei der Pose sehr wohl darauf, dass man nichts sieht, was man wirklich nicht sehen sollte. F\u00fcr das Kleine selbst habe ich eine gro\u00dfe Auswahl an H\u00e4ubchen und Accessoires.<\/p>\n<h5>Wie sieht es aus mit den Anreisekosten?<\/h5>\n<p>Die &#8218;Anreise&#8216; innerhalb Wiens ist in den Kosten mit eingerechnet. Wenn Sie weiter weg wohnen, dann gibt es die M\u00f6glichkeit sich eine Reisepauschale berechnet an den Kilometern auszumachen.<\/p>\n<\/div>\n<p>&nbsp;<\/p>\n<h2>Portraits<\/h2>\n<p>&nbsp;<\/p>\n<h3>Basic Portrait oder Boudoir<\/h3>\n<p>\u20ac 296,-<\/p>\n<div class=\"village-pricing__content\">\n<ul><\/ul>\n<\/div>\n<p>1 halbe Stunde &#8218;on location&#8216; oder Ministudio\/\/\/<br \/>\nmit\u00a0 Kleidungswechsel\/\/\/<br \/>\nca. 20 Vorauswahlbilder\/\/\/<br \/>\n3 retuschierte Bilder\/\/\/<br \/>\njedes weitere Bild kostet \u20ac 26,-\/\/\/<br \/>\nStudiokosten im gro\u00dfen Studio \u20ac 80,-\/Stunde\/\/\/<br \/>\n&#8230;&#8230;.\/\/\/<\/p>\n<p><a href=\"mailto:office@graph-art-line.at\" target=\"_self\"class=\"village-button normal\" >Book A Session<\/a><\/p>\n<p>&nbsp;<\/p>\n<h3>Fine Art Portrait<\/h3>\n<p>\u20ac 350,-<\/p>\n<p>30 Minuten\u00a0 im Studio\/\/\/<br \/>\nca. 5 Vorauswahlbilder\/\/\/<br \/>\n1 fertiges Fine Art Portrait\/\/\/<br \/>\n1 fertiges normales Portrait\/\/\/<br \/>\njedes weitere Bild kostet \u20ac 80,- \/\/\/<br \/>\nbei Studiobuchung zus\u00e4tzlich \u20ac 80,-<br \/>\n&#8230;&#8230;.\/\/\/<\/p>\n<p><a href=\"mailto:office@graph-art-line.at\" target=\"_self\"class=\"village-button normal\" >Book A Session<\/a><\/p>\n<h3>Business Portraits I<\/h3>\n<p>\u20ac 350,- \/netto<\/p>\n<p>1 halbe Stunde Portraits &amp; Imagebilder von Dir &amp; Deinem Business\/\/\/<br \/>\ninkl. Anfahrt innerhalb Wiens\/\/\/<br \/>\nca. 15 Vorauswahlbilder\/\/\/<br \/>\n3 fertige Bilder\/\/\/<br \/>\nDatennutzungsbewilligung international pro Bild \u20ac 35.- nt \/\/\/<br \/>\njedes weitere Bild kostet \u20ac 35,- nt + DNB\/\/\/<\/p>\n<p><a href=\"mailto:office@graph-art-line.at\" target=\"_self\"class=\"village-button normal\" >Book A Session<\/a><\/p>\n<h3>Business Portraits II<\/h3>\n<p>\u20ac 656,- netto<\/p>\n<p>1 Stunde Portraits &amp; Imagebilder von Dir &amp; Deinem Business \/\/\/<br \/>\ninkl. Anfahrt innerhalb Wiens\/\/\/<br \/>\nca. 30 Vorauswahlbilder\/\/\/<br \/>\n8 fertige Bilder\/\/\/<br \/>\nDatennutzungsbewilligung international pro Bild \u20ac 35,- nt \/\/\/<br \/>\njedes weitere Bild kostet \u20ac 35,- nt + DNB\/\/\/<\/p>\n<p><a href=\"mailto:office@graph-art-line.at\" target=\"_self\"class=\"village-button normal\" >Book A Session<\/a><\/p>\n<p>&nbsp;<\/p>\n<p>&nbsp;<\/p>\n<hr \/>\n<p>&nbsp;<\/p>\n<h3>frequently asked questions<\/h3>\n<p>Wenn Sie irgendwelche Fragen bez\u00fcglich Ihres bevorstehenden Fototermines haben, werde ich gerne alle Ihre Fragen pers\u00f6nlich beantworten, aber bevor Sie mich kontaktieren, sehen Sie sich bitte die h\u00e4ufigsten gestellten Fragen an, vielleicht finden Sie ja hier die Antwort. Wenn nicht, f\u00fchlen Sie sich frei, mir zu schreiben oder mich anzurufen.<\/p>\n<div class=\"modern-columns two\">\n<h5>Was soll ich anziehen?<\/h5>\n<p>Wahrscheinlich die wichtigste Frage von allen.<br \/>\nEs ist aber ganz einfach, nehmen Sie die Kleidung mit, in der Sie sich wirklich wohl f\u00fchlen. Vielleicht gibt es ein paar neue Lieblingsst\u00fccke, diese d\u00fcrfen gerne mit in die Tasche. Auch T\u00fccher und Schals k\u00f6nnen gerne mitgenommen werden. Packen Sie einfach ein paar nette Kleidungsst\u00fccke ein, ich berate Sie dann gerne vor Ort direkt.<\/p>\n<h5>Wie soll ich \u00fcberhaupt posen?<\/h5>\n<p>Wenn man von Berufes wegen kein Model ist, dann stellt man sich nat\u00fcrlich vor einem Fototermin diese Frage.<br \/>\nVor Ort helfe ich Ihnen sehr gerne damit. Sollten sie sich davor schon Gedanken dazu gemacht haben, bin ich neugierig auf Ihre Ideen. ABER, mir geht es vor allem darum die Portraits auf keinen Fall k\u00fcnstlich aussehen zu lassen, ich werde mit Sicherheit versuchen Sie so nat\u00fcrlich wie nur m\u00f6glich zu fotografieren.<\/p>\n<\/div>\n<div class=\"modern-columns two\">\n<h5>Kann eine Freundin dabei sein?<\/h5>\n<p>Nat\u00fcrlich sehr gerne.<br \/>\nWenn man mal wirklich vor der Kamera steht, gibt einem eine Freundin vor Ort nat\u00fcrlich mehr Sicherheit. Vielleicht ergibt sich dabei gleich die Gelegenheit eines Freundschaftbildes. Keep your memories alive.<\/p>\n<h5>Wie sieht es aus mit den Anreisekosten?<\/h5>\n<p>Die &#8218;Anreise&#8216; innerhalb Wiens ist in den Kosten mit eingerechnet. Wenn Sie weiter weg wohnen, dann gibt es die M\u00f6glichkeit sich eine Reisepauschale berechnet an den Kilometern auszumachen.<\/p>\n<\/div>\n<p>&nbsp;<\/p>\n<h2>Hochzeiten<\/h2>\n<h3>Small<\/h3>\n<p>\u20ac 800,-<\/p>\n<p>bis zu 2 Stunden\/\/\/<br \/>\nmit pers\u00f6nlichem Beratungsgespr\u00e4ch mit dem Brautpaar\/\/\/<br \/>\nca. 50 Bilder\/\/\/<br \/>\nalle Bilder digital und aufbereitet in Hi-res und Lo-res\/\/\/<\/p>\n<p><a href=\"mailto:office@graph-art-line.at\" target=\"_self\"class=\"village-button normal\" >Book A Session<\/a><\/p>\n<h3>Medium<\/h3>\n<p>\u20ac\u00a0 1.520,-<\/p>\n<p>bis zu 4 Stunden\/\/\/<br \/>\nmit pers\u00f6nlichem Beratungsgespr\u00e4ch mit dem Brautpaar\/\/\/<br \/>\nca.150 Bilder\/\/\/<br \/>\nalle Bilder digital und aufbereitet in Hi-res und Lo-res\u00a0 \/\/\/<\/p>\n<p><a href=\"mailto:office@graph-art-line.at\" target=\"_self\"class=\"village-button normal\" >Book A Session<\/a><\/p>\n<h3>Advanced<\/h3>\n<p>\u20ac 2.330,-<\/p>\n<p>bis zu 8 Stunden\/\/\/<br \/>\nmit pers\u00f6nlichem Beratungsgespr\u00e4ch mit dem Brautpaar\/\/\/<br \/>\nca. 300 Bilder\/\/\/<br \/>\nmit eigener Onlinegalerie\/\/\/<br \/>\nalle Bilder digital und aufbereitet in Hi-res und Lo-res\u00a0 \/\/\/<\/p>\n<p><a href=\"mailto:office@graph-art-line.at\" target=\"_self\"class=\"village-button normal\" >Book A Session<\/a><\/p>\n<h3>Premium<\/h3>\n<p>\u20ac 3.230,-<\/p>\n<p>mit Verlobungs Fotoshooting\/\/\/<br \/>\nbis zu 12 Stunden bei der Hochzeit\/\/\/<br \/>\nmit pers\u00f6nlichem Beratungsgespr\u00e4ch mit dem Brautpaar\/\/\/<br \/>\nca. 500 Bilder\/\/\/<br \/>\nmit eigener Onlinegalerie\/\/\/<br \/>\nmit Danksagungskarten\/\/\/<br \/>\nalle Bilder digital und aufbereitet in Hi-res und Lo-res\u00a0 \/\/\/<\/p>\n<p><a href=\"mailto:office@graph-art-line.at\" target=\"_self\"class=\"village-button normal\" >Book A Session<\/a><\/p>\n<p>&nbsp;<\/p>\n<hr \/>\n<h3>frequently asked questions<\/h3>\n<p>Wenn Sie irgendwelche Fragen bez\u00fcglich Ihres bevorstehenden Fototermines haben, werde ich gerne alle Ihre Fragen pers\u00f6nlich beantworten, aber bevor Sie mich kontaktieren, sehen Sie sich bitte die h\u00e4ufigsten gestellten Fragen an, vielleicht finden Sie ja hier die Antwort. Wenn nicht, f\u00fchlen Sie sich frei, mir zu schreiben oder mich anzurufen.<\/p>\n<div class=\"modern-columns two\">\n<h5>Wann sollen wir am Besten buchen?<\/h5>\n<p>Buchungen f\u00fcr einen Hochzeitstermin gehen schon oft ein Jahr vor der Hochzeit bei mir ein. Und es gibt bestimmte Tage, die besonders gefragt sind. Je fr\u00fcher also besser kann ich nur sagen.<\/p>\n<h5>Wie sieht es aus mit den Anreisekosten?<\/h5>\n<p>Die &#8218;Anreise&#8216; innerhalb Wiens und im Umkreis von 20 km ist in den Kosten mit eingerechnet. Wenn Sie weiter weg wohnen, dann gibt es die M\u00f6glichkeit sich eine Reisepauschale berechnet an den Kilometern auszumachen.<\/p>\n<\/div>\n<div class=\"modern-columns two\">\n<h5>Wann bekommen wir die Bilder?<\/h5>\n<p>Ich bin sehr bem\u00fcht Ihre Bilder schon innerhalb von 14 Tagen komplett fertig zu haben. Schon in den ersten Tagen nach der Hochzeit erhalten Sie einen privaten Onlinezugang zu allen Bildern, wo Sie sich die Bilder aussuchen k\u00f6nnen, die ich noch extra retuschieren soll.<\/p>\n<h5>Bieten Sie auch Fotob\u00fccher an?<\/h5>\n<p>Gerne gestalte ich auch ein fertig gebundenes Fotoalbum zum Preis von \u20ac 120,- exklusive Druckkosten. Es stehen eine Vielzahl an Formaten zur Auswahl.<\/p>\n<\/div>\n","protected":false},"excerpt":{"rendered":"<p>Stand Januar 2026 Babyboom Babybauch \u20ac 260,- 1 Stunde &#8218;on location&#8216; oder im Studio\/\/\/ mit Kleidungswechsel\/\/\/ ca. 20 Vorauswahlbilder\/\/\/ 5 fertige Bilder in High und Low Res\/\/\/ jedes weitere fertige Bild \u20ac 26,-\/\/\/ bei Studiobuchung zus\u00e4tzlich \u20ac 80,- Newborn \u20ac [&hellip;]<\/p>\n","protected":false},"author":1,"featured_media":0,"parent":0,"menu_order":0,"comment_status":"closed","ping_status":"closed","template":"","meta":{"footnotes":""},"class_list":["post-1833","page","type-page","status-publish","hentry"],"aioseo_notices":[],"_links":{"self":[{"href":"https:\/\/www.graph-art-line.at\/content\/wp-json\/wp\/v2\/pages\/1833","targetHints":{"allow":["GET"]}}],"collection":[{"href":"https:\/\/www.graph-art-line.at\/content\/wp-json\/wp\/v2\/pages"}],"about":[{"href":"https:\/\/www.graph-art-line.at\/content\/wp-json\/wp\/v2\/types\/page"}],"author":[{"embeddable":true,"href":"https:\/\/www.graph-art-line.at\/content\/wp-json\/wp\/v2\/users\/1"}],"replies":[{"embeddable":true,"href":"https:\/\/www.graph-art-line.at\/content\/wp-json\/wp\/v2\/comments?post=1833"}],"version-history":[{"count":183,"href":"https:\/\/www.graph-art-line.at\/content\/wp-json\/wp\/v2\/pages\/1833\/revisions"}],"predecessor-version":[{"id":71410,"href":"https:\/\/www.graph-art-line.at\/content\/wp-json\/wp\/v2\/pages\/1833\/revisions\/71410"}],"wp:attachment":[{"href":"https:\/\/www.graph-art-line.at\/content\/wp-json\/wp\/v2\/media?parent=1833"}],"curies":[{"name":"wp","href":"https:\/\/api.w.org\/{rel}","templated":true}]}}