{"id":1984,"date":"2017-01-16T18:31:31","date_gmt":"2017-01-16T17:31:31","guid":{"rendered":"http:\/\/www.graph-art-line.at\/content\/?page_id=1984"},"modified":"2026-03-24T14:34:11","modified_gmt":"2026-03-24T13:34:11","slug":"preise-faq-graphik","status":"publish","type":"page","link":"https:\/\/www.graph-art-line.at\/content\/preise-faq-graphik\/","title":{"rendered":"preise &#038; FAQs graphics"},"content":{"rendered":"<p>Stand Januar 2026<\/p>\n<h2>Graphics<\/h2>\n<div><\/div>\n<div>Ich bin spezialisiert auf Grafik im Vektorbereich mit individuell gezeichneten Grafiken, dem Wunsch des Kunden entsprechend.<\/div>\n<div>Gerne nehme ich mir f\u00fcr Sie die Zeit um in einem pers\u00f6nlichen Gespr\u00e4ch auf all Ihre W\u00fcnsche einzugehen und so Ihre Grafiken zu kreieren.<\/div>\n<div><\/div>\n<div>Preise nach Aufwand und Anfrage. Packages m\u00f6glich, beinhaltend Logoentw\u00fcrfe, Visitenkarten, Flyer bzw. Folder, Briefpapier, Kuverts &amp; Homepagedesign.<\/div>\n<div><\/div>\n<div>Logodesign ab \u20ac 690,- nt<br \/>\nSatz Visitenkarten ab \u20ac 80,- nt<br \/>\nSatz Flyer ab \u20ac 125,- nt<br \/>\nSatz Folder ab \u20ac 152,- \/je nach Seitenanzahl. nt<\/div>\n<div><\/div>\n<div>Arbeitszeit Std\/\u20ac 134,- nt<\/div>\n<div><\/div>\n<div><\/div>\n<div>Informieren Sie sich \u00fcber meine Sonderaktionen z.B.: f\u00fcrs WWW Netzwerk<\/div>\n<div>Unternehmens \u2013 Start Paket: beinhaltet ein auf Sie abgestimmtes Firmen Logo, Visitenkartensatz,\u00a0 Homepagedesign, Imagebilder &amp; Portraits, sowie 4 Stockbilder (6 Seiten). ab \u20ac 1.700,- nt<\/div>\n<div>Kosten f\u00fcr gekaufte Templates, Stockbilder bzw. Imagevideos fallen extra an.<\/div>\n<div>Stand Januar 2026<\/div>\n<div><\/div>\n<div>Eine Auswahl an Arbeiten finden Sie im entsprechenden Portfolio.<\/div>\n","protected":false},"excerpt":{"rendered":"<p>Stand Januar 2026 Graphics Ich bin spezialisiert auf Grafik im Vektorbereich mit individuell gezeichneten Grafiken, dem Wunsch des Kunden entsprechend. Gerne nehme ich mir f\u00fcr Sie die Zeit um in einem pers\u00f6nlichen Gespr\u00e4ch auf all Ihre W\u00fcnsche einzugehen und so [&hellip;]<\/p>\n","protected":false},"author":1,"featured_media":0,"parent":0,"menu_order":0,"comment_status":"closed","ping_status":"closed","template":"","meta":{"footnotes":""},"class_list":["post-1984","page","type-page","status-publish","hentry"],"aioseo_notices":[],"_links":{"self":[{"href":"https:\/\/www.graph-art-line.at\/content\/wp-json\/wp\/v2\/pages\/1984","targetHints":{"allow":["GET"]}}],"collection":[{"href":"https:\/\/www.graph-art-line.at\/content\/wp-json\/wp\/v2\/pages"}],"about":[{"href":"https:\/\/www.graph-art-line.at\/content\/wp-json\/wp\/v2\/types\/page"}],"author":[{"embeddable":true,"href":"https:\/\/www.graph-art-line.at\/content\/wp-json\/wp\/v2\/users\/1"}],"replies":[{"embeddable":true,"href":"https:\/\/www.graph-art-line.at\/content\/wp-json\/wp\/v2\/comments?post=1984"}],"version-history":[{"count":25,"href":"https:\/\/www.graph-art-line.at\/content\/wp-json\/wp\/v2\/pages\/1984\/revisions"}],"predecessor-version":[{"id":72094,"href":"https:\/\/www.graph-art-line.at\/content\/wp-json\/wp\/v2\/pages\/1984\/revisions\/72094"}],"wp:attachment":[{"href":"https:\/\/www.graph-art-line.at\/content\/wp-json\/wp\/v2\/media?parent=1984"}],"curies":[{"name":"wp","href":"https:\/\/api.w.org\/{rel}","templated":true}]}}