{"id":2088,"date":"2017-01-16T20:33:21","date_gmt":"2017-01-16T19:33:21","guid":{"rendered":"http:\/\/www.graph-art-line.at\/content\/?page_id=2088"},"modified":"2020-07-29T10:33:53","modified_gmt":"2020-07-29T09:33:53","slug":"babyboom","status":"publish","type":"page","link":"https:\/\/www.graph-art-line.at\/content\/babyboom\/","title":{"rendered":"babyboom"},"content":{"rendered":"<p><a href=\"http:\/\/www.graph-art-line.at\/content\/portfolio\/babyboom\/\" target=\"_self\"class=\"village-button normal\" >&#8230;read less<\/a><\/p>\n<div class=\"village-grid\">\n<div class=\"village-column column-size-1\">\n<div class=\"village-pricing\">\n<h2 class=\"village-pricing__title\">Babybauch<\/h2>\n<h3 class=\"village-pricing__price\">\u20ac 197,-<\/h3>\n<div class=\"village-pricing__content\">\n<ul>\n<li class=\"village-pricing__item\">1 Stunde &#8218;on location&#8216; oder im Heimstudio<\/li>\n<li class=\"village-pricing__item\">mit Kleidungswechsel<\/li>\n<li class=\"village-pricing__item\">ca. 20 Vorauswahlbilder<\/li>\n<li class=\"village-pricing__item\">6 retuschierte Bilder<\/li>\n<li class=\"village-pricing__item\">jedes weitere Bild \u20ac 12,-<\/li>\n<\/ul>\n<\/div>\n<p><a href=\"mailto:office@graph-art-line.at\" target=\"_self\"class=\"village-button normal\" >Book A Session<\/a><\/p>\n<\/div>\n<\/div>\n<div class=\"village-column column-size-1\">\n<div class=\"village-pricing\">\n<h2 class=\"village-pricing__title\">Newborn<\/h2>\n<h3 class=\"village-pricing__price\">\u20ac 278,-<\/h3>\n<div class=\"village-pricing__content\">\n<ul>\n<li class=\"village-pricing__item\">3 Stunden &#8218;on location&#8216; oder im Heimstudio<\/li>\n<li class=\"village-pricing__item\">ca. 20 Vorauswahlbilder<\/li>\n<li class=\"village-pricing__item\">6 retuschierte, fertige Bilder<\/li>\n<li class=\"village-pricing__item\">jedes weitere Bild \u20ac 12.-<\/li>\n<li class=\"village-pricing__item\">in Kombination mit Babybauchshooting minus 28,-<\/li>\n<\/ul>\n<\/div>\n<p><a href=\"mailto:office@graph-art-line.at\" target=\"_self\"class=\"village-button normal\" >Book A Session<\/a><\/p>\n<\/div>\n<\/div>\n<p>on[\/village_button]<\/p>\n<p>[\/village_pricing]<br \/>\n[\/village_column]<\/p>\n<\/div>\n<p>&nbsp;<\/p>\n<hr \/>\n<p>&nbsp;<\/p>\n<p style=\"text-align: center;\"><span style=\"font-family: 'Allura',sans-serif; font-size: 34px;\">frequently asked questions<\/span><\/p>\n<p>Wenn Sie irgendwelche Fragen bez\u00fcglich Ihres bevorstehenden Fototermines haben, werde ich gerne alle Ihre Fragen pers\u00f6nlich beantworten, aber bevor Sie mich kontaktieren, sehen Sie sich bitte die h\u00e4ufigsten gestellten Fragen an, vielleicht finden Sie ja hier die Antwort. Wenn nicht, f\u00fchlen Sie sich frei, mir zu schreiben oder mich anzurufen.<\/p>\n<div class=\"modern-columns two\">\n<h5>Wann &amp; Wo findet das Babybauch Fotoshooting statt?<\/h5>\n<p>F\u00fcr Babybauchaufnahmen empfiehlt sich der 7. Schwangerschaftsmonat. Je nachdem zu welcher Jahreszeit Sie schwanger sind, ergeben sich mehrere M\u00f6glichkeiten. In der warmen Jahreszeit ist es wirklich empfehlenswert raus in die Natur zu gehen. Und keine Sorge, ich kenne einige Pl\u00e4tze, an denen wir da keine Zuschauer haben. In der k\u00fchleren Jahreszeit komme ich am besten direkt zu Ihnen nach Hause, wo ich mein Studio aufbauen kann, daf\u00fcr brauche ich weniger Platz als Sie denken.<\/p>\n<h5>Was soll ich anziehen?<\/h5>\n<p>Bequeme Kleidung ist in der Schwangerschaft ganz wichtig. Es gibt sicher ein paar Lieblingsteile, in denen Sie sich besonders wohl f\u00fchlen. Wichtig w\u00e4re auf jeden Fall, dass Sie ca. 2 Stunden vor dem Fototermin keine Kleidung mehr tragen, die Druckstellen auf der Haut hinterlassen. Vor allem dann, wenn Sie auch \u00fcberlegen h\u00fcllenlose Bilder zu machen. Sie k\u00f6nnen sich am Tag des Fototermines morgens auch schon eine extra Babybauchmassage mit \u00d6l oder Creme g\u00f6nnen.<\/p>\n<\/div>\n<div class=\"modern-columns two\">\n<h5>Wann findet das Newborn Fotoshooting statt?<\/h5>\n<p>Die besten Tage f\u00fcr ein perfektes Fotoshootings Ihres kleinen Lieblings ist die Zeit zwischen dem 7. und 10. Lebenstag. Am besten kontaktieren Sie mich schon w\u00e4hrend der Schwangerschaft und lassen mich den errechneten Geburtstermin wissen. Dann kann ich mich schon ungef\u00e4hr darauf vorbereiten. Im Vorfeld k\u00f6nnen Sie mich schon Ihre W\u00fcnsche f\u00fcr das perfekte Bild wissen lassen. Wenn das Kleine dann da ist, schicken Sie mir am besten eine kurze sms oder eine Whatsappnachricht. Und lassen Sie mich bitte auch die Ma\u00dfe des kleinen Erdenb\u00fcrgers wissen. Ich werde dann bis zum Fototermin in der Woche nach der Geburt ein H\u00e4ubchen oder sonstige Babyaccessoires vorbereiten.<\/p>\n<h5>Wo Newborn Fotoshooting statt?<\/h5>\n<p>Ich komme mit meinem mobilen Studio direkt zu Ihnen nach Hause. Sie m\u00fcssen also nicht Kind &amp; Kegel einpacken um in ein Studio zu fahren, denn bequemer ist es doch f\u00fcr Sie und Ihren Nachwuchs daheim in den gewohnten 4 W\u00e4nden. In der warmen Jahreszeit sind nat\u00fcrlich auch Fotoshootings im Freien m\u00f6glich, vielleicht haben Sie ja einen eigenen Garten, wenn nicht, dann finden wir sicher in Ihrer N\u00e4he ein h\u00fcbsches Pl\u00e4tzchen.<\/p>\n<\/div>\n<div class=\"modern-columns two\">\n<h5>Was sollen wir anziehen?<\/h5>\n<p>Wenn Sie m\u00f6chten besteht nat\u00fcrlich auch die M\u00f6glichkeit Bilder der Familie mit dem Zuwachs zu machen. Optimal stimmen Sie am besten die Kleidung Ihres Partner mit Ihrer ab. Viele Paare machen auch gerne h\u00fcllenlose Bilder zu dritt, keine Sorge, ich achte bei der Pose sehr wohl darauf, dass man nichts sieht, was man wirklich nicht sehen sollte. F\u00fcr das Kleine selbst habe ich eine gro\u00dfe Auswahl an H\u00e4ubchen und Accessoires.<\/p>\n<h5>Wie viele verschiedene Aufnahmen werden gemacht?<\/h5>\n<p>Neben Close ups, die im wahrsten Sinne des Wortes Hand &amp; Fu\u00df haben, sowie Familienbildern, werden auch arrangierte Bilder gemacht. Dabei setzen wir Ihren Liebling richtig in Szene. Im Vorfeld hatten wir schon die M\u00f6glichkeit uns dar\u00fcber Gedanken zu machen. Zu jedem Fototermin habe ich auch ein paar verschiedene Settings mit dabei.<\/p>\n<\/div>\n<div class=\"modern-columns two\">\n<h5>Wie lange dauert so ein Fototermin?<\/h5>\n<p>Ich kann leider keine genaue Zeitangabe geben, sicher kann ich sagen, dass ich mir die Zeit f\u00fcr ihren kleinen Schatz nehme, die sich ergibt. Zwischendurch bekommt Ihr Spr\u00f6ssling vielleicht auch Hunger, dann legen wir einfach eine kurze Pause ein. Zeitdruck ist hier v\u00f6llig fehl am Platz, alles soll entspannt ablaufen.<\/p>\n<h5>Wie sieht es aus mit den Anreisekosten?<\/h5>\n<p>Die &#8218;Anreise&#8216; innerhalb Wiens ist in den Kosten mit eingerechnet. Wenn Sie weiter weg wohnen, dann gibt es die M\u00f6glichkeit sich eine Reisepauschale berechnet an den Kilometern auszumachen.<\/p>\n<\/div>\n<p><a href=\"http:\/\/www.graph-art-line.at\/content\/portfolio\/babyboom\/\" target=\"_self\"class=\"village-button normal\" >&#8230;read less<\/a><\/p>\n","protected":false},"excerpt":{"rendered":"<p>&nbsp; &nbsp; frequently asked questions Wenn Sie irgendwelche Fragen bez\u00fcglich Ihres bevorstehenden Fototermines haben, werde ich gerne alle Ihre Fragen pers\u00f6nlich beantworten, aber bevor Sie mich kontaktieren, sehen Sie sich bitte die h\u00e4ufigsten gestellten Fragen an, vielleicht finden Sie ja [&hellip;]<\/p>\n","protected":false},"author":1,"featured_media":0,"parent":0,"menu_order":0,"comment_status":"closed","ping_status":"closed","template":"","meta":{"footnotes":""},"class_list":["post-2088","page","type-page","status-publish","hentry"],"aioseo_notices":[],"_links":{"self":[{"href":"https:\/\/www.graph-art-line.at\/content\/wp-json\/wp\/v2\/pages\/2088","targetHints":{"allow":["GET"]}}],"collection":[{"href":"https:\/\/www.graph-art-line.at\/content\/wp-json\/wp\/v2\/pages"}],"about":[{"href":"https:\/\/www.graph-art-line.at\/content\/wp-json\/wp\/v2\/types\/page"}],"author":[{"embeddable":true,"href":"https:\/\/www.graph-art-line.at\/content\/wp-json\/wp\/v2\/users\/1"}],"replies":[{"embeddable":true,"href":"https:\/\/www.graph-art-line.at\/content\/wp-json\/wp\/v2\/comments?post=2088"}],"version-history":[{"count":7,"href":"https:\/\/www.graph-art-line.at\/content\/wp-json\/wp\/v2\/pages\/2088\/revisions"}],"predecessor-version":[{"id":3076,"href":"https:\/\/www.graph-art-line.at\/content\/wp-json\/wp\/v2\/pages\/2088\/revisions\/3076"}],"wp:attachment":[{"href":"https:\/\/www.graph-art-line.at\/content\/wp-json\/wp\/v2\/media?parent=2088"}],"curies":[{"name":"wp","href":"https:\/\/api.w.org\/{rel}","templated":true}]}}