{"id":2113,"date":"2017-01-17T00:02:03","date_gmt":"2017-01-16T23:02:03","guid":{"rendered":"http:\/\/www.graph-art-line.at\/content\/?page_id=2113"},"modified":"2025-05-17T10:02:06","modified_gmt":"2025-05-17T09:02:06","slug":"kinder","status":"publish","type":"page","link":"https:\/\/www.graph-art-line.at\/content\/kinder\/","title":{"rendered":"kinder"},"content":{"rendered":"<p><a href=\"http:\/\/www.graph-art-line.at\/content\/portfolio\/kids\/\" target=\"_self\"class=\"village-button normal\" >&#8230;read less<\/a><\/p>\n<blockquote><p>&#8230;ein Fotoset besteht aus:<\/p>\n<p>Variante 1 mit klassischen Portraits mit Fotoghintergrund:<br \/>\n3 verschiedenen Portraits 13&#215;18 cm (auf Wunsch eine Aufnahme in S\/W)<br \/>\n1 Kleinbildbogen mit einer Aufnahme in zwei verschiedenen Gr\u00f6\u00dfen<br \/>\n18 Fotostickern<br \/>\n1 Gruppenbild 13&#215;18 cm<br \/>\nPreis pro Set \u20ac 29,-<\/p>\n<p>&nbsp;<\/p>\n<p>Variante 2 mit Themenhintergrund, je nach Wunsch:<br \/>\n3 verschiedenen Portraits 13&#215;18 cm (auf Wunsch eine Aufnahme in S\/W)<br \/>\n1 Kleinbildbogen mit einer Aufnahme in zwei verschiedenen Gr\u00f6\u00dfen<br \/>\n18 Fotostickern<br \/>\n1 Gruppenbild 13&#215;18 cm<br \/>\nPreis pro Set \u20ac 35,-<\/p>\n<p>&nbsp;<\/p><\/blockquote>\n<hr \/>\n<p>Beim Kauf des gesamten Sets k\u00f6nnen die Bilder auch digital per E-Mail angefordert werden. Nachbestellungen kosten \u20ac 8,- pro Aufnahme. Geschwister erhalten je ein Geschwisterbild gratis dazu. Freundschaftsbilder k\u00f6nnen, auf Anfrage, gerne zus\u00e4tzlich gemacht werden und kosten \u20ac 8,- pro Abzug.<br \/>\nWenn\u00a0Ich am vereinbarten\u00a0Termin zum Fotografieren komme, ersuche\u00a0ich Sie, einen geeigneten Platz daf\u00fcr (Bibliothek, Aula, Sporthalle,&#8230;..) bereit zu stellen.\u00a0Ein Treffen vorab ist gerne m\u00f6glich.<br \/>\nIch bringe mein eigenes Studio mit. Nat\u00fcrlich ist es auch m\u00f6glich die Fotos pers\u00f6nlich und individuell zu gestalten, wenn Ihre Schule oder Ihr Kindergarten geeignete nat\u00fcrliche Schaupl\u00e4tze bietet. Auch Themen, wie Fr\u00fchling, Sommer, Herbst etc sind m\u00f6glich.<br \/>\nDie Aufnahmen werden dann von\u00a0mir perfekt ausbelichtet,\u00a0eventuell retuschiert (z.B. Fieberblasen oder kleinere Kratzer) und in einer\u00a0passenden Mappe\u00a0( A5, in Eigenanfertigung, auf Wunsch mit dem Logo Ihrer Schule bzw. Kindergartens) geliefert.<\/p>\n<p><a href=\"http:\/\/www.graph-art-line.at\/content\/portfolio\/kids\/\" target=\"_self\"class=\"village-button normal\" >&#8230;read less<\/a><\/p>\n","protected":false},"excerpt":{"rendered":"<p>&#8230;ein Fotoset besteht aus: Variante 1 mit klassischen Portraits mit Fotoghintergrund: 3 verschiedenen Portraits 13&#215;18 cm (auf Wunsch eine Aufnahme in S\/W) 1 Kleinbildbogen mit einer Aufnahme in zwei verschiedenen Gr\u00f6\u00dfen 18 Fotostickern 1 Gruppenbild 13&#215;18 cm Preis pro Set [&hellip;]<\/p>\n","protected":false},"author":1,"featured_media":0,"parent":0,"menu_order":0,"comment_status":"closed","ping_status":"closed","template":"","meta":{"footnotes":""},"class_list":["post-2113","page","type-page","status-publish","hentry"],"aioseo_notices":[],"_links":{"self":[{"href":"https:\/\/www.graph-art-line.at\/content\/wp-json\/wp\/v2\/pages\/2113","targetHints":{"allow":["GET"]}}],"collection":[{"href":"https:\/\/www.graph-art-line.at\/content\/wp-json\/wp\/v2\/pages"}],"about":[{"href":"https:\/\/www.graph-art-line.at\/content\/wp-json\/wp\/v2\/types\/page"}],"author":[{"embeddable":true,"href":"https:\/\/www.graph-art-line.at\/content\/wp-json\/wp\/v2\/users\/1"}],"replies":[{"embeddable":true,"href":"https:\/\/www.graph-art-line.at\/content\/wp-json\/wp\/v2\/comments?post=2113"}],"version-history":[{"count":11,"href":"https:\/\/www.graph-art-line.at\/content\/wp-json\/wp\/v2\/pages\/2113\/revisions"}],"predecessor-version":[{"id":71274,"href":"https:\/\/www.graph-art-line.at\/content\/wp-json\/wp\/v2\/pages\/2113\/revisions\/71274"}],"wp:attachment":[{"href":"https:\/\/www.graph-art-line.at\/content\/wp-json\/wp\/v2\/media?parent=2113"}],"curies":[{"name":"wp","href":"https:\/\/api.w.org\/{rel}","templated":true}]}}