{"id":2152,"date":"2017-01-17T13:16:16","date_gmt":"2017-01-17T12:16:16","guid":{"rendered":"http:\/\/www.graph-art-line.at\/content\/?page_id=2152"},"modified":"2017-01-18T12:03:14","modified_gmt":"2017-01-18T11:03:14","slug":"sedcards","status":"publish","type":"page","link":"https:\/\/www.graph-art-line.at\/content\/sedcards\/","title":{"rendered":"sedcards"},"content":{"rendered":"<p><a href=\"http:\/\/www.graph-art-line.at\/content\/portfolio\/sedcard\" target=\"_self\"class=\"village-button normal\" >&#8230;read less<\/a><\/p>\n<div class=\"village-grid\">\n<div class=\"village-column column-size-1\">\n<div class=\"village-pricing\">\n<h2 class=\"village-pricing__title\">sedcard medium<\/h2>\n<h3 class=\"village-pricing__price\">\u20ac 280,-<\/h3>\n<div class=\"village-pricing__content\">\n<ul>\n<li class=\"village-pricing__item\">2 Stunden &#8218;on location&#8216; oder im Heimstudio<\/li>\n<li class=\"village-pricing__item\">mit max. 4 Kleidungswechsel<\/li>\n<li class=\"village-pricing__item\">ca. 80 Bilder<\/li>\n<li class=\"village-pricing__item\">8 retuschierte Bilder<\/li>\n<li class=\"village-pricing__item\">alle Bilder in Hi-res und Lo-res<\/li>\n<li class=\"village-pricing__item\">Design, Layout &#038; Satz der sedcard<\/li>\n<li class=\"village-pricing__item\"><span style=\"color: #ffffff;\">&#8230;&#8230;.<\/span><\/li>\n<\/ul>\n<\/div>\n<p><a href=\"mailto:office@graph-art-line.at\" target=\"_self\"class=\"village-button normal\" >Book A Session<\/a><\/p>\n<\/div>\n<\/div>\n<div class=\"village-column column-size-1\">\n<div class=\"village-pricing\">\n<h2 class=\"village-pricing__title\">sedcard Advanced<\/h2>\n<h3 class=\"village-pricing__price\">\u20ac 320,-<\/h3>\n<div class=\"village-pricing__content\">\n<ul>\n<li class=\"village-pricing__item\">2 Stunden &#8218;on location&#8216; oder im Heimstudio<\/li>\n<li class=\"village-pricing__item\">inkl. Profi Make-Up<\/li>\n<li class=\"village-pricing__item\">mit max. 4 Kleidungswechsel<\/li>\n<li class=\"village-pricing__item\">ca. 80 Bilder<\/li>\n<li class=\"village-pricing__item\">10 retuschierte Bilder<\/li>\n<li class=\"village-pricing__item\">alle Bilder in Hi-res und Lo-res<\/li>\n<li class=\"village-pricing__item\">Design, Layout &#038; Satz der sedcard<\/li>\n<\/ul>\n<\/div>\n<p><a href=\"mailto:office@graph-art-line.at\" target=\"_self\"class=\"village-button normal\" >Book A Session<\/a><\/p>\n<\/div>\n<\/div>\n<div class=\"village-column column-size-1\">\n<div class=\"village-pricing\">\n<h2 class=\"village-pricing__title\">sedcard Premium<\/h2>\n<h3 class=\"village-pricing__price\">\u20ac 460,-<\/h3>\n<div class=\"village-pricing__content\">\n<ul>\n<li class=\"village-pricing__item\">2 Stunden &#8218;on location&#8216; oder im Heimstudio<\/li>\n<li class=\"village-pricing__item\">inkl. Profi Make-Up &amp; Frisur<\/li>\n<li class=\"village-pricing__item\">mit max. 5 Kleidungswechsel<\/li>\n<li class=\"village-pricing__item\">ca. 80 Bilder<\/li>\n<li class=\"village-pricing__item\">12 retuschierte Bilder<\/li>\n<li class=\"village-pricing__item\">alle Bilder in Hi-res und Lo-res<\/li>\n<li class=\"village-pricing__item\">Design, Layout &#038; Satz der sedcard<\/li>\n<\/ul>\n<\/div>\n<p><a href=\"mailto:office@graph-art-line.at\" target=\"_self\"class=\"village-button normal\" >Book A Session<\/a><\/p>\n<\/div>\n<\/div>\n<\/div>\n<p>&nbsp;<\/p>\n<hr \/>\n<p>&nbsp;<\/p>\n<p style=\"text-align: center;\"><span style=\"font-family: 'Allura',sans-serif; font-size: 34px;\">frequently asked questions<\/span><\/p>\n<p>Wenn Sie irgendwelche Fragen bez\u00fcglich Ihres bevorstehenden Fototermines haben, werde ich gerne alle Ihre Fragen pers\u00f6nlich beantworten, aber bevor Sie mich kontaktieren, sehen Sie sich bitte die h\u00e4ufigsten gestellten Fragen an, vielleicht finden Sie ja hier die Antwort. Wenn nicht, f\u00fchlen Sie sich frei, mir zu schreiben oder mich anzurufen.<\/p>\n<div class=\"modern-columns two\">\n<h5>Was soll ich anziehen?<\/h5>\n<p>Wahrscheinlich die wichtigste Frage von allen.<br \/>\nEs ist aber ganz einfach, nehmen Sie die Kleidung mit, in der Sie sich wirklich wohl f\u00fchlen. Vielleicht gibt es ein paar neue Lieblingsst\u00fccke, diese d\u00fcrfen gerne mit in die Tasche. Auch T\u00fccher und Schals k\u00f6nnen gerne mitgenommen werden. Packen Sie einfach ein paar nette Kleidungsst\u00fccke ein, ich berate Sie dann gerne vor Ort direkt.<\/p>\n<h5>Wie soll ich \u00fcberhaupt posen?<\/h5>\n<p>Wenn man von Berufes wegen kein Model ist, dann stellt man sich nat\u00fcrlich vor einem Fototermin diese Frage.<br \/>\nVor Ort helfe ich Ihnen sehr gerne damit. Sollten sie sich davor schon Gedanken dazu gemacht haben, bin ich neugierig auf Ihre Ideen. ABER, mir geht es vor allem darum die Portraits auf keinen Fall k\u00fcnstlich aussehen zu lassen, ich werde mit Sicherheit versuchen Sie so nat\u00fcrlich wie nur m\u00f6glich zu fotografieren.<\/p>\n<\/div>\n<div class=\"modern-columns two\">\n<h5>Kann eine Freundin dabei sein?<\/h5>\n<p>Nat\u00fcrlich sehr gerne.<br \/>\nWenn man mal wirklich vor der Kamera steht, gibt einem eine Freundin vor Ort nat\u00fcrlich mehr Sicherheit. Vielleicht ergibt sich dabei gleich die Gelegenheit eines Freundschaftbildes. Keep your memories alive.<\/p>\n<h5>Wie sieht es aus mit den Anreisekosten?<\/h5>\n<p>Die &#8218;Anreise&#8216; innerhalb Wiens ist in den Kosten mit eingerechnet. Wenn Sie weiter weg wohnen, dann gibt es die M\u00f6glichkeit sich eine Reisepauschale berechnet an den Kilometern auszumachen.<\/p>\n<\/div>\n","protected":false},"excerpt":{"rendered":"<p>&nbsp; &nbsp; frequently asked questions Wenn Sie irgendwelche Fragen bez\u00fcglich Ihres bevorstehenden Fototermines haben, werde ich gerne alle Ihre Fragen pers\u00f6nlich beantworten, aber bevor Sie mich kontaktieren, sehen Sie sich bitte die h\u00e4ufigsten gestellten Fragen an, vielleicht finden Sie ja [&hellip;]<\/p>\n","protected":false},"author":1,"featured_media":0,"parent":0,"menu_order":0,"comment_status":"closed","ping_status":"closed","template":"","meta":{"footnotes":""},"class_list":["post-2152","page","type-page","status-publish","hentry"],"aioseo_notices":[],"_links":{"self":[{"href":"https:\/\/www.graph-art-line.at\/content\/wp-json\/wp\/v2\/pages\/2152","targetHints":{"allow":["GET"]}}],"collection":[{"href":"https:\/\/www.graph-art-line.at\/content\/wp-json\/wp\/v2\/pages"}],"about":[{"href":"https:\/\/www.graph-art-line.at\/content\/wp-json\/wp\/v2\/types\/page"}],"author":[{"embeddable":true,"href":"https:\/\/www.graph-art-line.at\/content\/wp-json\/wp\/v2\/users\/1"}],"replies":[{"embeddable":true,"href":"https:\/\/www.graph-art-line.at\/content\/wp-json\/wp\/v2\/comments?post=2152"}],"version-history":[{"count":3,"href":"https:\/\/www.graph-art-line.at\/content\/wp-json\/wp\/v2\/pages\/2152\/revisions"}],"predecessor-version":[{"id":2155,"href":"https:\/\/www.graph-art-line.at\/content\/wp-json\/wp\/v2\/pages\/2152\/revisions\/2155"}],"wp:attachment":[{"href":"https:\/\/www.graph-art-line.at\/content\/wp-json\/wp\/v2\/media?parent=2152"}],"curies":[{"name":"wp","href":"https:\/\/api.w.org\/{rel}","templated":true}]}}