{"id":377,"date":"2013-01-22T15:24:57","date_gmt":"2013-01-22T14:24:57","guid":{"rendered":"http:\/\/www.graph-art-line.at\/wordpress\/?page_id=377"},"modified":"2026-02-03T11:45:02","modified_gmt":"2026-02-03T10:45:02","slug":"vita","status":"publish","type":"page","link":"https:\/\/www.graph-art-line.at\/content\/vita\/","title":{"rendered":"vita"},"content":{"rendered":"<p><a href=\"http:\/\/www.graph-art-line.at\/content\/wp-content\/uploads\/2013\/01\/selfportrait.jpg\"><img loading=\"lazy\" decoding=\"async\" class=\"alignleft wp-image-71414 size-large\" src=\"https:\/\/www.graph-art-line.at\/content\/wp-content\/uploads\/2026\/02\/me-5_3_s-683x1024.jpg\" alt=\"\" width=\"683\" height=\"1024\" srcset=\"https:\/\/www.graph-art-line.at\/content\/wp-content\/uploads\/2026\/02\/me-5_3_s-683x1024.jpg 683w, https:\/\/www.graph-art-line.at\/content\/wp-content\/uploads\/2026\/02\/me-5_3_s-200x300.jpg 200w, https:\/\/www.graph-art-line.at\/content\/wp-content\/uploads\/2026\/02\/me-5_3_s-768x1152.jpg 768w, https:\/\/www.graph-art-line.at\/content\/wp-content\/uploads\/2026\/02\/me-5_3_s-470x705.jpg 470w, https:\/\/www.graph-art-line.at\/content\/wp-content\/uploads\/2026\/02\/me-5_3_s-1024x1536.jpg 1024w, https:\/\/www.graph-art-line.at\/content\/wp-content\/uploads\/2026\/02\/me-5_3_s-705x1058.jpg 705w, https:\/\/www.graph-art-line.at\/content\/wp-content\/uploads\/2026\/02\/me-5_3_s.jpg 1082w\" sizes=\"auto, (max-width: 683px) 100vw, 683px\" \/><\/a><\/p>\n<p>&nbsp;<\/p>\n<p>&nbsp;<\/p>\n<p><span style=\"font-family: 'Allura',sans-serif; font-size: 40px;\">\u00dcber mich.<\/span><\/p>\n<p>Barbara Christine Hartl\u00a0&#8211;\u00a0 geboren am 25. Dezember 1969\u00a0 in Wien\u00a0\u00a0&#8211;\u00a0 in gut b\u00fcrgerlichem Hause aufgewachsen\u00a0&#8211; Schwester von 8 Geschwistern &#8211; klassische Schulausbildung genossen\u00a0\u00a0&#8211; die Jugendzeit in der Kronau in Nieder\u00f6sterreich verbracht\u00a0\u00a0&#8211;\u00a0 erfolgreich mit\u00a0 Matura an einer h\u00f6her bildenden Schule abgeschlossen\u00a0&#8211; danach in Wien in verschiedenen Bereichen im Gastgewerbe t\u00e4tig &#8230;in einem Hotel im Back-Office Graphik und Layout kennen und lieben gelernt\u00a0&#8211; damit vertraut gemacht<br \/>\n1999 geheiratet &#8211; eine Familie gegr\u00fcndet\u00a0&#8211; Mutter von Vieren\u00a0&#8211; neue Ziele gesteckt\u00a0&#8211;\u00a0 seit\u00a0 2008 selbstst\u00e4ndig im Bereich Graphikdesign &amp; Werbung t\u00e4tig\u00a0\u00a0&#8211; die Liebe zur Fotografie entdeckt\u00a0\u00a0&#8211; Mei\u00adsterkurs f\u00fcr Fotografie 2012 am Wifi absolviert.<\/p>\n<div class=\"modern-columns two\"><span style=\"font-family: 'Allura',sans-serif; font-size: 28px;\">&#8230;in meinem Beruf<\/span><br \/>\nachte ich auf Kleinigkeiten, egal ob in der Fotografie oder bei grafischen Arbeiten. Vor jedem Fototermin mache ich mir gedankliche Notizen, die ich dann zum Termin abrufen kann. \u00dcber Logos br\u00fcte ich oft tagelang. Wie es Euch gef\u00e4llt ist mein wichtigster Leitsatz, ich richte mich nach Euren W\u00fcnschen, nur dann kann man auf zufriedene Kunden vertrauen.<\/div>\n<div class=\"modern-columns two\"><span style=\"font-family: 'Allura',sans-serif; font-size: 28px;\">&#8230;privat<\/span><br \/>\nbin ich auch kreativ t\u00e4tig, nach einem anstrengenden Arbeitstag kann ich am besten bei H\u00e4kel- oder Strickarbeiten wieder entspannen. Und den wichtigsten Stellwert hat nat\u00fcrlich meine Familie, meine Tochter und meine S\u00f6hne, mein Mann, der mich ganz gro\u00dfartig unterst\u00fctzt, sowie unsere H\u00fcndin Josephine.<\/div>\n<p>&nbsp;<\/p>\n","protected":false},"excerpt":{"rendered":"<p>&nbsp; &nbsp; \u00dcber mich. Barbara Christine Hartl\u00a0&#8211;\u00a0 geboren am 25. Dezember 1969\u00a0 in Wien\u00a0\u00a0&#8211;\u00a0 in gut b\u00fcrgerlichem Hause aufgewachsen\u00a0&#8211; Schwester von 8 Geschwistern &#8211; klassische Schulausbildung genossen\u00a0\u00a0&#8211; die Jugendzeit in der Kronau in Nieder\u00f6sterreich verbracht\u00a0\u00a0&#8211;\u00a0 erfolgreich mit\u00a0 Matura an einer [&hellip;]<\/p>\n","protected":false},"author":1,"featured_media":0,"parent":0,"menu_order":0,"comment_status":"closed","ping_status":"closed","template":"","meta":{"footnotes":""},"class_list":["post-377","page","type-page","status-publish","hentry"],"aioseo_notices":[],"_links":{"self":[{"href":"https:\/\/www.graph-art-line.at\/content\/wp-json\/wp\/v2\/pages\/377","targetHints":{"allow":["GET"]}}],"collection":[{"href":"https:\/\/www.graph-art-line.at\/content\/wp-json\/wp\/v2\/pages"}],"about":[{"href":"https:\/\/www.graph-art-line.at\/content\/wp-json\/wp\/v2\/types\/page"}],"author":[{"embeddable":true,"href":"https:\/\/www.graph-art-line.at\/content\/wp-json\/wp\/v2\/users\/1"}],"replies":[{"embeddable":true,"href":"https:\/\/www.graph-art-line.at\/content\/wp-json\/wp\/v2\/comments?post=377"}],"version-history":[{"count":34,"href":"https:\/\/www.graph-art-line.at\/content\/wp-json\/wp\/v2\/pages\/377\/revisions"}],"predecessor-version":[{"id":71415,"href":"https:\/\/www.graph-art-line.at\/content\/wp-json\/wp\/v2\/pages\/377\/revisions\/71415"}],"wp:attachment":[{"href":"https:\/\/www.graph-art-line.at\/content\/wp-json\/wp\/v2\/media?parent=377"}],"curies":[{"name":"wp","href":"https:\/\/api.w.org\/{rel}","templated":true}]}}