{"id":384,"date":"2013-01-22T15:24:40","date_gmt":"2013-01-22T14:24:40","guid":{"rendered":"http:\/\/www.graph-art-line.at\/wordpress\/?page_id=384"},"modified":"2021-12-30T10:59:41","modified_gmt":"2021-12-30T09:59:41","slug":"imprint","status":"publish","type":"page","link":"https:\/\/www.graph-art-line.at\/content\/imprint\/","title":{"rendered":"impressum &#038; kontakt"},"content":{"rendered":"<h4>Graph Art Line e.U. Barbara Hartl<img loading=\"lazy\" decoding=\"async\" class=\"alignright wp-image-3996 size-medium\" src=\"https:\/\/www.graph-art-line.at\/content\/wp-content\/uploads\/2021\/12\/BF_Logos_Berufsfotografie_W_1c-300x232.jpg\" alt=\"\" width=\"300\" height=\"232\" srcset=\"https:\/\/www.graph-art-line.at\/content\/wp-content\/uploads\/2021\/12\/BF_Logos_Berufsfotografie_W_1c-300x232.jpg 300w, https:\/\/www.graph-art-line.at\/content\/wp-content\/uploads\/2021\/12\/BF_Logos_Berufsfotografie_W_1c-1024x790.jpg 1024w, https:\/\/www.graph-art-line.at\/content\/wp-content\/uploads\/2021\/12\/BF_Logos_Berufsfotografie_W_1c-768x593.jpg 768w, https:\/\/www.graph-art-line.at\/content\/wp-content\/uploads\/2021\/12\/BF_Logos_Berufsfotografie_W_1c-470x363.jpg 470w, https:\/\/www.graph-art-line.at\/content\/wp-content\/uploads\/2021\/12\/BF_Logos_Berufsfotografie_W_1c-1536x1185.jpg 1536w, https:\/\/www.graph-art-line.at\/content\/wp-content\/uploads\/2021\/12\/BF_Logos_Berufsfotografie_W_1c-2048x1581.jpg 2048w, https:\/\/www.graph-art-line.at\/content\/wp-content\/uploads\/2021\/12\/BF_Logos_Berufsfotografie_W_1c-705x544.jpg 705w\" sizes=\"auto, (max-width: 300px) 100vw, 300px\" \/><br \/>\nWaldrebengasse 1\/3\/8<br \/>\n1220 Wien,<br \/>\n\u00d6sterreich<br \/>\nTel.: + 43 676 5563204<br \/>\nE-Mail: <a href=\"mailto:office@graph-art-line.at\">office@graph-art-line.at<\/a><\/h4>\n<p>Unternehmensgegenstand: Fotografie &amp; Grafikdesign<br \/>\nUID-Nummer: ATU64206157<br \/>\nFirmenbuchnummer: FN 311996, Firmenbuchgericht: HG Wien, Firmensitz: Wien<br \/>\nRechtsform: eingetragenes Einzelunternehmen<\/p>\n<p>Mitglied bei der Wirtschaftskammer Wien<br \/>\nBerufsrecht &#8211; Gewerbeordnung: www.ris.bka.gv.at<br \/>\nAufsichtsbeh\u00f6rde\/Gewerbebeh\u00f6rde: Bezirkshauptmannschaft 1220 Wien<br \/>\ngesetzliche Berufsbezeichnung: Fotograf und Grafiker<br \/>\nVerleihungsstaat: \u00d6sterreich<\/p>\n<p>&nbsp;<\/p>\n<h5>Like me on Facebook or Instagram<\/h5>\n<hr \/>\n<p><iframe loading=\"lazy\" style=\"border: none; overflow: hidden;\" src=\"https:\/\/www.facebook.com\/plugins\/like.php?href=https%3A%2F%2Fwww.facebook.com%2Fgraphartline%2F&amp;width=186&amp;layout=button_count&amp;action=like&amp;size=large&amp;show_faces=true&amp;share=true&amp;height=46&amp;appId\" width=\"186\" height=\"46\" frameborder=\"0\" scrolling=\"no\"><\/iframe><\/p>\n<h4>Urheberrechtshinweis<\/h4>\n<p>Alle Inhalte dieser Webseite (Bilder, Fotos, Texte, Videos) unterliegen dem Urheberrecht und sind Eigentum von Graph Art Line e.U., Barbara Hartl. Falls notwendig, werden wir die unerlaubte Nutzung von Teilen der Inhalte unserer Seite rechtlich verfolgen.<\/p>\n<h4>Bildernachweis<\/h4>\n<p>Die Bilder, Fotos und Grafiken auf dieser Webseite sind urheberrechtlich gesch\u00fctzt.<br \/>\nDie Bilderrechte liegen bei den folgenden Fotografen und Unternehmen:<br \/>\nGraph Art Line e.U., Barbara Hartl<\/p>\n<h4>Haftung f\u00fcr Inhalte dieser Webseite<\/h4>\n<p>Die Inhalte dieser Website werden st\u00e4ndig \u00fcberarbeitet und ich bem\u00fche mich korrekte und aktuelle Informationen bereitzustellen. Leider kann ich keinerlei Haftung f\u00fcr die Korrektheit aller Inhalte auf dieser Website \u00fcbernehmen, speziell f\u00fcr jene die seitens Dritter bereitgestellt wird. Sollten Ihnen problematische oder rechtswidrige Inhalte auffallen, bitte ich Sie mir diese umgehende mitzuteilen. Die Kontaktdaten finden Sie oberhalb auf dieser Seite.<\/p>\n<h4>Webhost Provider<\/h4>\n<p>Der Provider dieser Website ist <a href=\"http:\/\/www.profihost.at\" target=\"_blank\" rel=\"noopener noreferrer\">www.profihost.at<\/a><\/p>\n","protected":false},"excerpt":{"rendered":"<p>Graph Art Line e.U. Barbara Hartl Waldrebengasse 1\/3\/8 1220 Wien, \u00d6sterreich Tel.: + 43 676 5563204 E-Mail: office@graph-art-line.at Unternehmensgegenstand: Fotografie &amp; Grafikdesign UID-Nummer: ATU64206157 Firmenbuchnummer: FN 311996, Firmenbuchgericht: HG Wien, Firmensitz: Wien Rechtsform: eingetragenes Einzelunternehmen Mitglied bei der Wirtschaftskammer Wien [&hellip;]<\/p>\n","protected":false},"author":1,"featured_media":0,"parent":0,"menu_order":0,"comment_status":"closed","ping_status":"closed","template":"","meta":{"footnotes":""},"class_list":["post-384","page","type-page","status-publish","hentry"],"aioseo_notices":[],"_links":{"self":[{"href":"https:\/\/www.graph-art-line.at\/content\/wp-json\/wp\/v2\/pages\/384","targetHints":{"allow":["GET"]}}],"collection":[{"href":"https:\/\/www.graph-art-line.at\/content\/wp-json\/wp\/v2\/pages"}],"about":[{"href":"https:\/\/www.graph-art-line.at\/content\/wp-json\/wp\/v2\/types\/page"}],"author":[{"embeddable":true,"href":"https:\/\/www.graph-art-line.at\/content\/wp-json\/wp\/v2\/users\/1"}],"replies":[{"embeddable":true,"href":"https:\/\/www.graph-art-line.at\/content\/wp-json\/wp\/v2\/comments?post=384"}],"version-history":[{"count":56,"href":"https:\/\/www.graph-art-line.at\/content\/wp-json\/wp\/v2\/pages\/384\/revisions"}],"predecessor-version":[{"id":3997,"href":"https:\/\/www.graph-art-line.at\/content\/wp-json\/wp\/v2\/pages\/384\/revisions\/3997"}],"wp:attachment":[{"href":"https:\/\/www.graph-art-line.at\/content\/wp-json\/wp\/v2\/media?parent=384"}],"curies":[{"name":"wp","href":"https:\/\/api.w.org\/{rel}","templated":true}]}}