{"id":670,"date":"2013-01-24T16:37:23","date_gmt":"2013-01-24T15:37:23","guid":{"rendered":"http:\/\/www.graph-art-line.at\/wordpress\/?page_id=670"},"modified":"2019-04-24T15:19:18","modified_gmt":"2019-04-24T14:19:18","slug":"referenzen","status":"publish","type":"page","link":"https:\/\/www.graph-art-line.at\/content\/referenzen\/","title":{"rendered":"referenzen"},"content":{"rendered":"<p><span style=\"font-family: 'Allura',sans-serif; font-size: 40px;\">Meine Referenzen<\/span><\/p>\n<blockquote><p>Wahrlich eine Meisterphotografin! Mit ganz viel Liebe zum Detail photografierte Sie bei uns zu Hause in entspannter Atmosph\u00e4re unsere neugeborene Tochter und bewies dabei gro\u00dfes Fingerspitzengef\u00fchl. Nicht nur Ihre Ausr\u00fcstung zeigt von gr\u00f6\u00dfter Professionalit\u00e4t, sondern auch die wohl\u00fcberlegte Inszenierung der Bilder \u00fcberzeugt zur G\u00e4nze. Besonderes Highlight war bestimmt das selbst geh\u00e4ckelte H\u00e4ubchen, dass als Erinnerung an das Photoshooting bei uns bleiben durfte. Wir sind wirklich beeindruckt von den wunderbaren Bildern, die auch von Freunden allesamt mit gro\u00dfem Staunen bewundert werden. Vielen lieben Dank f\u00fcr diese in Bildern festgehaltenen kostbaren Momente der ersten Lebenstage unserer Tochter! Ich w\u00fcrde so ein Photoshooting bei Fr. Hartl allen frischgebackenen Eltern ans Herz legen und bin sehr dankbar, dass sie zu uns kam. Sylvia.S.<\/p><\/blockquote>\n<blockquote><p>Sie fotografiert mit sehr viel Liebe zum Detail und hat besonders kreative Ideen f\u00fcr die einzelnen Szenen. Daraus ergeben sich wundersch\u00f6ne Fotos, die auch noch in einer total entspannten Atmosph\u00e4re entstanden sind. Unser Kleiner hat die Fotosession sichtlich auch sehr genossen. Wir sind einfach total begeistert und bedanken uns vielmals und w\u00fcrden jederzeit wieder von Barbara Hartl Fotos machen lassen!!! Michaela.S.<\/p><\/blockquote>\n<blockquote><p>Barbara ist ein absolutes, kreatives, Genie. Bei ihren Fotos wird auf jedes, noch so kleine, Detail geachtet. Das Fotoshooting ist total locker, unkompliziert und witzig. Man f\u00fchlt sich einfach wohl. Andrea.H.<\/p><\/blockquote>\n<blockquote><p>Ich kam mit einem speziellen Wunsch (Business Fotos) auf Barbara zu und sie hat meine W\u00fcnsche einfach \u00fcbertroffen. Man merkt die Leidenschaft an der Fotografie bei ihr und ich sch\u00e4tze immer wieder die Spontanit\u00e4t und Flexibilit\u00e4t! Ist man angespannt, schafft sie es im Nu, einem die Nervosit\u00e4t zu nehmen! Einfach empfehlenswert! Angelika.E.<\/p>\n<p>&nbsp;<\/p><\/blockquote>\n<p><a href=\"http:\/\/www.whitewoodstudio.at\/\" target=\"_blank\" rel=\"noopener\">Whitewood Fotostudio<\/a><\/p>\n<p><a href=\"http:\/\/shh.at\/\">Schweizer Haus Hadersdorf <\/a><\/p>\n<p><a href=\"http:\/\/www.flowerdesign.at\" target=\"_blank\" rel=\"noopener\">flowerdesign<\/a><\/p>\n<p><a href=\"http:\/\/www.bluebell.at\" target=\"_blank\" rel=\"noopener\">bluebell<\/a><\/p>\n<p><a href=\"http:\/\/www.ninalaube.com\" target=\"_blank\" rel=\"noopener\">nina laube<\/a><\/p>\n<p><a href=\"http:\/\/www.verycom.eu\" target=\"_blank\" rel=\"noopener\">Very.com<\/a><\/p>\n<p><a href=\"http:\/\/www.equalizent.com\" target=\"_blank\" rel=\"noopener\">equalizent Schulungs- und Beratungs GmbH<\/a><\/p>\n<p><a href=\"http:\/\/www.teamphysios.at\/\" target=\"_blank\" rel=\"noopener\">teamphysios<\/a><\/p>\n<p><a href=\"http:\/\/www.textperle.at\" target=\"_blank\" rel=\"noopener\">Textperle<\/a><\/p>\n<p><a href=\"http:\/\/www.johannesmariapokorny.com\/\" target=\"_blank\" rel=\"noopener\">iTouchrecords<\/a><\/p>\n<p><a href=\"http:\/\/www.johannesmariapokorny.com\" target=\"_blank\" rel=\"noopener\">Johannes Maria Pokorny<\/a><\/p>\n<p><a href=\"http:\/\/www.pokorny-immobilien.com\/de\/index\" target=\"_blank\" rel=\"noopener\">Johannes M.Pokorny Immobilientreuhand e.U.<\/a><\/p>\n<p><a href=\"http:\/\/www.wsk.at\" target=\"_blank\" rel=\"noopener\">Private Volksschule der Wiener S\u00e4ngerknaben<\/a><\/p>\n<p>&nbsp;<\/p>\n<p>&nbsp;<\/p>\n<p>&nbsp;<\/p>\n<p>&nbsp;<\/p>\n<p>&nbsp;<\/p>\n<p>&nbsp;<\/p>\n","protected":false},"excerpt":{"rendered":"<p>Meine Referenzen Wahrlich eine Meisterphotografin! Mit ganz viel Liebe zum Detail photografierte Sie bei uns zu Hause in entspannter Atmosph\u00e4re unsere neugeborene Tochter und bewies dabei gro\u00dfes Fingerspitzengef\u00fchl. Nicht nur Ihre Ausr\u00fcstung zeigt von gr\u00f6\u00dfter Professionalit\u00e4t, sondern auch die wohl\u00fcberlegte [&hellip;]<\/p>\n","protected":false},"author":1,"featured_media":0,"parent":0,"menu_order":0,"comment_status":"closed","ping_status":"closed","template":"","meta":{"footnotes":""},"class_list":["post-670","page","type-page","status-publish","hentry"],"aioseo_notices":[],"_links":{"self":[{"href":"https:\/\/www.graph-art-line.at\/content\/wp-json\/wp\/v2\/pages\/670","targetHints":{"allow":["GET"]}}],"collection":[{"href":"https:\/\/www.graph-art-line.at\/content\/wp-json\/wp\/v2\/pages"}],"about":[{"href":"https:\/\/www.graph-art-line.at\/content\/wp-json\/wp\/v2\/types\/page"}],"author":[{"embeddable":true,"href":"https:\/\/www.graph-art-line.at\/content\/wp-json\/wp\/v2\/users\/1"}],"replies":[{"embeddable":true,"href":"https:\/\/www.graph-art-line.at\/content\/wp-json\/wp\/v2\/comments?post=670"}],"version-history":[{"count":24,"href":"https:\/\/www.graph-art-line.at\/content\/wp-json\/wp\/v2\/pages\/670\/revisions"}],"predecessor-version":[{"id":2874,"href":"https:\/\/www.graph-art-line.at\/content\/wp-json\/wp\/v2\/pages\/670\/revisions\/2874"}],"wp:attachment":[{"href":"https:\/\/www.graph-art-line.at\/content\/wp-json\/wp\/v2\/media?parent=670"}],"curies":[{"name":"wp","href":"https:\/\/api.w.org\/{rel}","templated":true}]}}